{"id":345,"date":"2020-04-13T08:32:21","date_gmt":"2020-04-13T08:32:21","guid":{"rendered":"https:\/\/www.kreativ-chalet.ch\/?page_id=345"},"modified":"2024-06-25T21:48:25","modified_gmt":"2024-06-25T21:48:25","slug":"kreativ-chalet-3","status":"publish","type":"page","link":"https:\/\/www.kreativ-chalet.ch\/","title":{"rendered":"Kreativ Chalet"},"content":{"rendered":"\n<h2 class=\"wp-block-heading\"><mark style=\"background-color:rgba(0, 0, 0, 0)\" class=\"has-inline-color has-cyan-bluish-gray-color\"><strong>Herzlich Willkommen auf der Seite von Kreativ-Chalet<\/strong><\/mark><\/h2>\n\n\n\n<p>Schon immer war ich gerne kreativ, doch seit es Schneideplotter f\u00fcr den Privathaushalt gibt, liebe ich das Gestalten und Basteln umso mehr. Als dann auch noch eine Sandstrahlanlage dazu kam er\u00f6ffneten sich mir noch mehr M\u00f6glichkeiten der Kreativit\u00e4t.<\/p>\n\n\n\n<p><\/p>\n\n\n\n<p>Seit einiger Zeit f\u00fchre ich den <strong>YouTube Kanal<\/strong> <strong> <a rel=\"noreferrer noopener\" href=\"https:\/\/www.youtube.com\/channel\/UCHvHVr1gnnV6Cb_mqrJ-kHg\/videos\" data-type=\"URL\" data-id=\"https:\/\/www.youtube.com\/channel\/UCHvHVr1gnnV6Cb_mqrJ-kHg\/videos\" target=\"_blank\">Kreativ <\/a><a rel=\"noreferrer noopener\" href=\"https:\/\/www.youtube.com\/channel\/UCHvHVr1gnnV6Cb_mqrJ-kHg\/videos\" target=\"_blank\">Chalet<\/a>&nbsp;<\/strong> mit vielen Anleitungen zu Plotter, Laserger\u00e4ten und auch anderem kreativem Inhalt. Es ist mir ein grosses Anliegen, dass ich nicht nur Informationen aus dem Netz abrufe, sondern auch Informationen ins Netz zur\u00fcck speise.  Ich freue mich \u00fcber jeden neuen Abonnenten auf meinem YouTube Kanal und falls du etwas nach einer Anleitung von mir erstellst und in den sozialen Medien Teilst, so markeire es doch mit <strong>#kreativchalet<\/strong> dann kann ich Deinen Post finden und kommentieren.  <\/p>\n\n\n\n<p class=\"has-text-align-center has-white-color has-cyan-bluish-gray-background-color has-text-color has-background has-medium-font-size\"><strong><a href=\"https:\/\/www.kreativ-chalet.ch\/?page_id=182\">Schneideplotter<\/a><\/strong><\/p>\n\n\n<div class=\"wp-block-image\">\n<figure class=\"aligncenter size-large is-resized\"><img loading=\"lazy\" decoding=\"async\" width=\"1024\" height=\"563\" src=\"https:\/\/www.kreativ-chalet.ch\/wp-content\/uploads\/2023\/05\/IMG_C3F41F7CE1C9-1-1024x563.jpeg\" alt=\"\" class=\"wp-image-670\" style=\"width:512px;height:282px\" srcset=\"https:\/\/www.kreativ-chalet.ch\/wp-content\/uploads\/2023\/05\/IMG_C3F41F7CE1C9-1-1024x563.jpeg 1024w, https:\/\/www.kreativ-chalet.ch\/wp-content\/uploads\/2023\/05\/IMG_C3F41F7CE1C9-1-300x165.jpeg 300w, https:\/\/www.kreativ-chalet.ch\/wp-content\/uploads\/2023\/05\/IMG_C3F41F7CE1C9-1-768x422.jpeg 768w, https:\/\/www.kreativ-chalet.ch\/wp-content\/uploads\/2023\/05\/IMG_C3F41F7CE1C9-1.jpeg 1245w\" sizes=\"auto, (max-width: 767px) 89vw, (max-width: 1000px) 54vw, (max-width: 1071px) 543px, 580px\" \/><figcaption class=\"wp-element-caption\">Silhouette \/ Brother \/ Cricut<\/figcaption><\/figure>\n<\/div>\n\n<div class=\"wp-block-image\">\n<figure class=\"aligncenter size-large is-resized\"><img loading=\"lazy\" decoding=\"async\" width=\"1024\" height=\"822\" src=\"https:\/\/www.kreativ-chalet.ch\/wp-content\/uploads\/2023\/05\/FullSizeRender-30-1024x822.jpg\" alt=\"\" class=\"wp-image-684\" style=\"width:512px;height:411px\" srcset=\"https:\/\/www.kreativ-chalet.ch\/wp-content\/uploads\/2023\/05\/FullSizeRender-30-1024x822.jpg 1024w, https:\/\/www.kreativ-chalet.ch\/wp-content\/uploads\/2023\/05\/FullSizeRender-30-300x241.jpg 300w, https:\/\/www.kreativ-chalet.ch\/wp-content\/uploads\/2023\/05\/FullSizeRender-30-768x617.jpg 768w, https:\/\/www.kreativ-chalet.ch\/wp-content\/uploads\/2023\/05\/FullSizeRender-30-1536x1234.jpg 1536w, https:\/\/www.kreativ-chalet.ch\/wp-content\/uploads\/2023\/05\/FullSizeRender-30-2048x1645.jpg 2048w\" sizes=\"auto, (max-width: 767px) 89vw, (max-width: 1000px) 54vw, (max-width: 1071px) 543px, 580px\" \/><figcaption class=\"wp-element-caption\">Siser Romeo und Juliet<\/figcaption><\/figure>\n<\/div>\n\n\n<h2 class=\"wp-block-heading has-text-align-center has-white-color has-cyan-bluish-gray-background-color has-text-color has-background has-medium-font-size\" style=\"font-style:normal;font-weight:100\"><strong><a href=\"https:\/\/www.kreativ-chalet.ch\/?page_id=642\">Laserger\u00e4te \/ Lasercutter<\/a><\/strong><\/h2>\n\n\n<div class=\"wp-block-image\">\n<figure class=\"aligncenter size-full is-resized\"><a href=\"https:\/\/www.kreativ-chalet.ch\/?page_id=777\"><img loading=\"lazy\" decoding=\"async\" width=\"701\" height=\"717\" src=\"https:\/\/www.kreativ-chalet.ch\/wp-content\/uploads\/2024\/06\/IMG_9199.jpeg\" alt=\"\" class=\"wp-image-768\" style=\"width:512px;height:auto\" srcset=\"https:\/\/www.kreativ-chalet.ch\/wp-content\/uploads\/2024\/06\/IMG_9199.jpeg 701w, https:\/\/www.kreativ-chalet.ch\/wp-content\/uploads\/2024\/06\/IMG_9199-293x300.jpeg 293w\" sizes=\"auto, (max-width: 701px) 100vw, 701px\" \/><\/a><figcaption class=\"wp-element-caption\">xTool S1 20W<\/figcaption><\/figure>\n<\/div>\n\n<div class=\"wp-block-image\">\n<figure class=\"aligncenter size-large is-resized\"><a href=\"https:\/\/www.kreativ-chalet.ch\/?attachment_id=675\"><img loading=\"lazy\" decoding=\"async\" width=\"1024\" height=\"768\" src=\"https:\/\/www.kreativ-chalet.ch\/wp-content\/uploads\/2023\/05\/B4D2D738-F927-41A8-8504-672FEB5645FB-1024x768.jpg\" alt=\"\" class=\"wp-image-675\" style=\"width:512px;height:384px\" srcset=\"https:\/\/www.kreativ-chalet.ch\/wp-content\/uploads\/2023\/05\/B4D2D738-F927-41A8-8504-672FEB5645FB-1024x768.jpg 1024w, https:\/\/www.kreativ-chalet.ch\/wp-content\/uploads\/2023\/05\/B4D2D738-F927-41A8-8504-672FEB5645FB-300x225.jpg 300w, https:\/\/www.kreativ-chalet.ch\/wp-content\/uploads\/2023\/05\/B4D2D738-F927-41A8-8504-672FEB5645FB-768x576.jpg 768w, https:\/\/www.kreativ-chalet.ch\/wp-content\/uploads\/2023\/05\/B4D2D738-F927-41A8-8504-672FEB5645FB-1536x1152.jpg 1536w, https:\/\/www.kreativ-chalet.ch\/wp-content\/uploads\/2023\/05\/B4D2D738-F927-41A8-8504-672FEB5645FB.jpg 1701w\" sizes=\"auto, (max-width: 767px) 89vw, (max-width: 1000px) 54vw, (max-width: 1071px) 543px, 580px\" \/><\/a><figcaption class=\"wp-element-caption\">xTool M1<\/figcaption><\/figure>\n<\/div>\n\n<div class=\"wp-block-image\">\n<figure class=\"aligncenter size-full is-resized\"><a href=\"https:\/\/www.kreativ-chalet.ch\/?page_id=643\"><img loading=\"lazy\" decoding=\"async\" width=\"889\" height=\"403\" src=\"https:\/\/www.kreativ-chalet.ch\/wp-content\/uploads\/2023\/05\/0CD9ED6B-A944-458E-B678-FE6EF6294F88.jpg\" alt=\"\" class=\"wp-image-674\" style=\"width:512px;height:202px\" srcset=\"https:\/\/www.kreativ-chalet.ch\/wp-content\/uploads\/2023\/05\/0CD9ED6B-A944-458E-B678-FE6EF6294F88.jpg 889w, https:\/\/www.kreativ-chalet.ch\/wp-content\/uploads\/2023\/05\/0CD9ED6B-A944-458E-B678-FE6EF6294F88-300x136.jpg 300w, https:\/\/www.kreativ-chalet.ch\/wp-content\/uploads\/2023\/05\/0CD9ED6B-A944-458E-B678-FE6EF6294F88-768x348.jpg 768w\" sizes=\"auto, (max-width: 767px) 89vw, (max-width: 1000px) 54vw, (max-width: 1071px) 543px, 580px\" \/><\/a><figcaption class=\"wp-element-caption\">Mr Beam Dreamcut<\/figcaption><\/figure>\n<\/div>\n\n\n<hr class=\"wp-block-separator has-css-opacity\"\/>\n\n\n<hr \/>\n<p>Ich freue mich auf Deine R\u00fcckmeldungen<\/p>\n<p><a href=\"mailto:andrea@kreativ-chalet.ch\"><img loading=\"lazy\" decoding=\"async\" class=\"wp-image-69 alignleft\" src=\"https:\/\/www.kreativ-chalet.ch\/wp-content\/uploads\/2019\/01\/me-300x300.png\" alt=\"\" width=\"139\" height=\"138\" srcset=\"https:\/\/www.kreativ-chalet.ch\/wp-content\/uploads\/2019\/01\/me-300x300.png 300w, https:\/\/www.kreativ-chalet.ch\/wp-content\/uploads\/2019\/01\/me-150x150.png 150w, https:\/\/www.kreativ-chalet.ch\/wp-content\/uploads\/2019\/01\/me-100x100.png 100w, https:\/\/www.kreativ-chalet.ch\/wp-content\/uploads\/2019\/01\/me.png 671w\" sizes=\"auto, (max-width: 139px) 100vw, 139px\" \/><\/a><\/p>\n<p><a href=\"mailto:kreativ.chalet@gmail.com\">Andrea Zimmermann<\/a><\/p>\n\n\n<h2 class=\"wp-block-heading\">Impressionen<\/h2>\n\n\n\n<p>So vieles ist mit Schneideplottern m\u00f6glich, hier ein paar Impressionen: <\/p>\n\n\n\n<figure class=\"wp-block-image size-large is-style-default\"><img loading=\"lazy\" decoding=\"async\" width=\"1024\" height=\"345\" src=\"https:\/\/www.kreativ-chalet.ch\/wp-content\/uploads\/2020\/04\/Plotterbilde-1024x345.jpg\" alt=\"\" class=\"wp-image-193\" srcset=\"https:\/\/www.kreativ-chalet.ch\/wp-content\/uploads\/2020\/04\/Plotterbilde-1024x345.jpg 1024w, https:\/\/www.kreativ-chalet.ch\/wp-content\/uploads\/2020\/04\/Plotterbilde-300x101.jpg 300w, https:\/\/www.kreativ-chalet.ch\/wp-content\/uploads\/2020\/04\/Plotterbilde-768x258.jpg 768w, https:\/\/www.kreativ-chalet.ch\/wp-content\/uploads\/2020\/04\/Plotterbilde.jpg 1230w\" sizes=\"auto, (max-width: 767px) 89vw, (max-width: 1000px) 54vw, (max-width: 1071px) 543px, 580px\" \/><\/figure>\n\n\n\n<p><\/p>\n","protected":false},"excerpt":{"rendered":"<p>Herzlich Willkommen auf der Seite von Kreativ-Chalet Schon immer war ich gerne kreativ, doch seit es Schneideplotter f\u00fcr den Privathaushalt gibt, liebe ich das Gestalten und Basteln umso mehr. Als dann auch noch eine Sandstrahlanlage dazu kam er\u00f6ffneten sich mir noch mehr M\u00f6glichkeiten der Kreativit\u00e4t. Seit einiger Zeit f\u00fchre ich den YouTube Kanal Kreativ Chalet&nbsp; &hellip; <\/p>\n<p class=\"link-more\"><a href=\"https:\/\/www.kreativ-chalet.ch\/\" class=\"more-link\"><span class=\"screen-reader-text\">&#171;Kreativ Chalet&#187;<\/span> weiterlesen<\/a><\/p>\n","protected":false},"author":1,"featured_media":0,"parent":0,"menu_order":0,"comment_status":"closed","ping_status":"closed","template":"","meta":{"footnotes":""},"class_list":["post-345","page","type-page","status-publish","hentry"],"_links":{"self":[{"href":"https:\/\/www.kreativ-chalet.ch\/index.php?rest_route=\/wp\/v2\/pages\/345","targetHints":{"allow":["GET"]}}],"collection":[{"href":"https:\/\/www.kreativ-chalet.ch\/index.php?rest_route=\/wp\/v2\/pages"}],"about":[{"href":"https:\/\/www.kreativ-chalet.ch\/index.php?rest_route=\/wp\/v2\/types\/page"}],"author":[{"embeddable":true,"href":"https:\/\/www.kreativ-chalet.ch\/index.php?rest_route=\/wp\/v2\/users\/1"}],"replies":[{"embeddable":true,"href":"https:\/\/www.kreativ-chalet.ch\/index.php?rest_route=%2Fwp%2Fv2%2Fcomments&post=345"}],"version-history":[{"count":51,"href":"https:\/\/www.kreativ-chalet.ch\/index.php?rest_route=\/wp\/v2\/pages\/345\/revisions"}],"predecessor-version":[{"id":790,"href":"https:\/\/www.kreativ-chalet.ch\/index.php?rest_route=\/wp\/v2\/pages\/345\/revisions\/790"}],"wp:attachment":[{"href":"https:\/\/www.kreativ-chalet.ch\/index.php?rest_route=%2Fwp%2Fv2%2Fmedia&parent=345"}],"curies":[{"name":"wp","href":"https:\/\/api.w.org\/{rel}","templated":true}]}}